{"id":213,"date":"2020-06-09T15:14:27","date_gmt":"2020-06-09T19:14:27","guid":{"rendered":"https:\/\/jacquesouimette.com\/?page_id=213"},"modified":"2025-03-12T13:14:47","modified_gmt":"2025-03-12T17:14:47","slug":"communications","status":"publish","type":"page","link":"https:\/\/jacquesouimette.com\/en\/communications\/","title":{"rendered":"Communications"},"content":{"rendered":"<div data-elementor-type=\"wp-page\" data-elementor-id=\"213\" class=\"elementor elementor-213\" data-elementor-post-type=\"page\">\n\t\t\t\t\t\t<section class=\"elementor-section elementor-top-section elementor-element elementor-element-5ed8502 elementor-section-boxed elementor-section-height-default elementor-section-height-default\" data-id=\"5ed8502\" data-element_type=\"section\">\n\t\t\t\t\t\t<div class=\"elementor-container elementor-column-gap-default\">\n\t\t\t\t\t<div class=\"elementor-column elementor-col-100 elementor-top-column elementor-element elementor-element-e20a31b\" data-id=\"e20a31b\" data-element_type=\"column\">\n\t\t\t<div class=\"elementor-widget-wrap elementor-element-populated\">\n\t\t\t\t\t\t<div class=\"elementor-element elementor-element-85f8187 elementor-widget elementor-widget-text-editor\" data-id=\"85f8187\" data-element_type=\"widget\" data-widget_type=\"text-editor.default\">\n\t\t\t\t<div class=\"elementor-widget-container\">\n\t\t\t\t\t\t\t<h2>Selected Achievements<\/h2><p>\u00a0<\/p>\t\t\t\t\t\t<\/div>\n\t\t\t\t<\/div>\n\t\t\t\t\t<\/div>\n\t\t<\/div>\n\t\t\t\t\t<\/div>\n\t\t<\/section>\n\t\t\t\t<section class=\"elementor-section elementor-top-section elementor-element elementor-element-2927be9 elementor-section-boxed elementor-section-height-default elementor-section-height-default\" data-id=\"2927be9\" data-element_type=\"section\">\n\t\t\t\t\t\t<div class=\"elementor-container elementor-column-gap-default\">\n\t\t\t\t\t<div class=\"elementor-column elementor-col-100 elementor-top-column elementor-element elementor-element-d14526f\" data-id=\"d14526f\" data-element_type=\"column\">\n\t\t\t<div class=\"elementor-widget-wrap elementor-element-populated\">\n\t\t\t\t\t\t<div class=\"elementor-element elementor-element-aaa66aa elementor-widget elementor-widget-text-editor\" data-id=\"aaa66aa\" data-element_type=\"widget\" data-widget_type=\"text-editor.default\">\n\t\t\t\t<div class=\"elementor-widget-container\">\n\t\t\t\t\t\t\t<ul><li><h4>Managed some of the largest international festivals, events, and projects in Canada, attracting up to 3 million visitors. Managed award-winning stage productions, with responsibility for all production stages including <strong>development, promotion, marketing, financing and partnerships<\/strong><\/h4><\/li><li><h4><strong>Developed the marketing and communications plan<\/strong> to foster partnerships for the deployment of Bombardier\u2019s electric vehicle (Neighborhood Electric Vehicle) in Arizona and California. Managed relations with Canadian and US media.<\/h4><\/li><\/ul><ul><li><h4>Creation and implementation of effective communication strategies, as <strong>Strategic Communications Advisor<\/strong> in the Office of the Leader of the Official Opposition of Canada.\u00a0<\/h4><\/li><\/ul><ul><li><h4><strong>Efficiently promoted unfunded or underfunded global events<\/strong> through strategic communications and tactical advertising, winning five National Grands Prix Awards from Tourisme Qu\u00e9bec.<\/h4><\/li><\/ul><ul><li><h4><strong>Established strategic and lucrative partnerships<\/strong> to ensure optimal visibility and financing of multi-national activities in Quebec, Canada and abroad.<\/h4><\/li><\/ul><ul><li><h4><strong>Organized media junkets in Europe, America and Asia.<\/strong> Prepared briefing material and organized press conferences for such diverse sectors as culture, performing arts, sports, media, politics, publishing, health and tourism.<\/h4><\/li><\/ul><ul><li><h4><strong>In collaboration with three Canadian Senators, led the research, development, and execution,<\/strong>of a highly sensitive, controversial and scrutinized project regarding the Universal Declaration on the Ethical Harvest of Seals.<\/h4><\/li><\/ul><ul><li><h4><strong>Managed teams of 50 to 300 people, delivering all projects on a timely basis and under budget for ventures valued up to $27 Million<\/strong> with management budgets of up to $5 Million. All projects were completed within established  timelines and under budget.<\/h4><\/li><\/ul>\t\t\t\t\t\t<\/div>\n\t\t\t\t<\/div>\n\t\t\t\t\t<\/div>\n\t\t<\/div>\n\t\t\t\t\t<\/div>\n\t\t<\/section>\n\t\t\t\t<section class=\"elementor-section elementor-top-section elementor-element elementor-element-c87d871 elementor-section-boxed elementor-section-height-default elementor-section-height-default\" data-id=\"c87d871\" data-element_type=\"section\">\n\t\t\t\t\t\t<div class=\"elementor-container elementor-column-gap-default\">\n\t\t\t\t\t<div class=\"elementor-column elementor-col-100 elementor-top-column elementor-element elementor-element-157f3a4\" data-id=\"157f3a4\" data-element_type=\"column\">\n\t\t\t<div class=\"elementor-widget-wrap elementor-element-populated\">\n\t\t\t\t\t\t<div class=\"elementor-element elementor-element-83b724b elementor-widget elementor-widget-heading\" data-id=\"83b724b\" data-element_type=\"widget\" data-widget_type=\"heading.default\">\n\t\t\t\t<div class=\"elementor-widget-container\">\n\t\t\t<h2 class=\"elementor-heading-title elementor-size-large\">Among Previous Clients<br><br><\/h2>\t\t<\/div>\n\t\t\t\t<\/div>\n\t\t\t\t\t<\/div>\n\t\t<\/div>\n\t\t\t\t\t<\/div>\n\t\t<\/section>\n\t\t\t\t<section class=\"elementor-section elementor-top-section elementor-element elementor-element-9539827 elementor-section-boxed elementor-section-height-default elementor-section-height-default\" data-id=\"9539827\" data-element_type=\"section\">\n\t\t\t\t\t\t<div class=\"elementor-container elementor-column-gap-default\">\n\t\t\t\t\t<div class=\"elementor-column elementor-col-25 elementor-top-column elementor-element elementor-element-157e24d\" data-id=\"157e24d\" data-element_type=\"column\">\n\t\t\t<div class=\"elementor-widget-wrap elementor-element-populated\">\n\t\t\t\t\t\t<div class=\"elementor-element elementor-element-e499ed8 elementor-widget elementor-widget-text-editor\" data-id=\"e499ed8\" data-element_type=\"widget\" data-widget_type=\"text-editor.default\">\n\t\t\t\t<div class=\"elementor-widget-container\">\n\t\t\t\t\t\t\t<h3><span style=\"text-decoration: underline;\">Corporate<\/span><\/h3>\t\t\t\t\t\t<\/div>\n\t\t\t\t<\/div>\n\t\t\t\t\t<\/div>\n\t\t<\/div>\n\t\t\t\t<div class=\"elementor-column elementor-col-25 elementor-top-column elementor-element elementor-element-da2bfeb\" data-id=\"da2bfeb\" data-element_type=\"column\">\n\t\t\t<div class=\"elementor-widget-wrap elementor-element-populated\">\n\t\t\t\t\t\t<div class=\"elementor-element elementor-element-03ff19f elementor-widget elementor-widget-text-editor\" data-id=\"03ff19f\" data-element_type=\"widget\" data-widget_type=\"text-editor.default\">\n\t\t\t\t<div class=\"elementor-widget-container\">\n\t\t\t\t\t\t\t<h3><span style=\"text-decoration: underline;\">Culture<\/span><\/h3>\t\t\t\t\t\t<\/div>\n\t\t\t\t<\/div>\n\t\t\t\t\t<\/div>\n\t\t<\/div>\n\t\t\t\t<div class=\"elementor-column elementor-col-25 elementor-top-column elementor-element elementor-element-38e837e\" data-id=\"38e837e\" data-element_type=\"column\">\n\t\t\t<div class=\"elementor-widget-wrap elementor-element-populated\">\n\t\t\t\t\t\t<div class=\"elementor-element elementor-element-2400958 elementor-widget elementor-widget-text-editor\" data-id=\"2400958\" data-element_type=\"widget\" data-widget_type=\"text-editor.default\">\n\t\t\t\t<div class=\"elementor-widget-container\">\n\t\t\t\t\t\t\t<h3><span style=\"text-decoration: underline;\">Public<\/span><\/h3>\t\t\t\t\t\t<\/div>\n\t\t\t\t<\/div>\n\t\t\t\t\t<\/div>\n\t\t<\/div>\n\t\t\t\t<div class=\"elementor-column elementor-col-25 elementor-top-column elementor-element elementor-element-1f3221f\" data-id=\"1f3221f\" data-element_type=\"column\">\n\t\t\t<div class=\"elementor-widget-wrap elementor-element-populated\">\n\t\t\t\t\t\t<div class=\"elementor-element elementor-element-bba2d73 elementor-widget elementor-widget-text-editor\" data-id=\"bba2d73\" data-element_type=\"widget\" data-widget_type=\"text-editor.default\">\n\t\t\t\t<div class=\"elementor-widget-container\">\n\t\t\t\t\t\t\t<h3><span style=\"text-decoration: underline;\">Media<\/span><\/h3>\t\t\t\t\t\t<\/div>\n\t\t\t\t<\/div>\n\t\t\t\t\t<\/div>\n\t\t<\/div>\n\t\t\t\t\t<\/div>\n\t\t<\/section>\n\t\t\t\t<section class=\"elementor-section elementor-top-section elementor-element elementor-element-b8b62c6 elementor-section-boxed elementor-section-height-default elementor-section-height-default\" data-id=\"b8b62c6\" data-element_type=\"section\">\n\t\t\t\t\t\t<div class=\"elementor-container elementor-column-gap-default\">\n\t\t\t\t\t<div class=\"elementor-column elementor-col-25 elementor-top-column elementor-element elementor-element-8b89349\" data-id=\"8b89349\" data-element_type=\"column\">\n\t\t\t<div class=\"elementor-widget-wrap elementor-element-populated\">\n\t\t\t\t\t\t<div class=\"elementor-element elementor-element-b778e92 elementor-widget elementor-widget-text-editor\" data-id=\"b778e92\" data-element_type=\"widget\" data-widget_type=\"text-editor.default\">\n\t\t\t\t<div class=\"elementor-widget-container\">\n\t\t\t\t\t\t\t<h5>Bombardier<\/h5><h5>Lada Cars of Canada<\/h5><h5>\u00c9coval Technologies<\/h5><h5>Nutrition Gandalf<\/h5><h5>Logimpact informatique<\/h5><h5>Ansell Canada Inc.<\/h5><h5>Playboy Enterprises Inc.<\/h5><h5>Cit\u00e9 de l\u2019Image<\/h5><h5>Bell Mobility<\/h5><h5>Avis Rent-a-car<\/h5><h5>Molson Breweries<\/h5><h5>\u00c9quipements Denis Inc.<\/h5><h5>LG Technologies<\/h5><h5>Fondation H\u00f4tel-Dieu de Montr\u00e9al<\/h5><h5>Val Royal Group<\/h5><h5>Toyota<\/h5><h5>Brewers Association of Qu\u00e9bec<\/h5><h5 class=\"headlines titleModule\"><span class=\"title titleModule__main\">Paralympic World Swimming Championships - Montr\u00e9al 2013<\/span><\/h5><h5>Forum de Montr\u00e9al<\/h5><h5>Challenge de tennis Molson L\u00e9g\u00e8re<\/h5><h5>Marathon international de Montr\u00e9al<\/h5><h5>Hippodrome Blue Bonnets<\/h5><h5>Championnats mondiaux de cano\u00eb-kayak<\/h5>\t\t\t\t\t\t<\/div>\n\t\t\t\t<\/div>\n\t\t\t\t\t<\/div>\n\t\t<\/div>\n\t\t\t\t<div class=\"elementor-column elementor-col-25 elementor-top-column elementor-element elementor-element-06b4426\" data-id=\"06b4426\" data-element_type=\"column\">\n\t\t\t<div class=\"elementor-widget-wrap elementor-element-populated\">\n\t\t\t\t\t\t<div class=\"elementor-element elementor-element-fff9560 elementor-widget elementor-widget-text-editor\" data-id=\"fff9560\" data-element_type=\"widget\" data-widget_type=\"text-editor.default\">\n\t\t\t\t<div class=\"elementor-widget-container\">\n\t\t\t\t\t\t\t<h5>Les Sortil\u00e8ges<\/h5><h5>Claude L\u00e9veill\u00e9e<\/h5><h5>Compagnie Albert Millaire<\/h5><h5>Sylvain Leli\u00e8vre<\/h5><h5>Paul Pich\u00e9<\/h5><h5>Ginette Reno<\/h5><h5>Emerson Lake &amp; Palmer au Stade<\/h5><h5>K\u00e9bec Disc<\/h5><h5>Productions Pixcom<\/h5><h5>Productions Tandem<\/h5><h5>Donald K. Donald Productions<\/h5><h5>Les Grands Explorateurs<\/h5><h5>Maison d&rsquo;\u00e9ditions IN\u00c9DI<\/h5><h5>Montr\u00e9al Symphony Orchestra<\/h5><h5>Cirque \u00c9loize<\/h5><h5>Mosa\u00efcultures internationales de Montr\u00e9al<\/h5>\t\t\t\t\t\t<\/div>\n\t\t\t\t<\/div>\n\t\t\t\t\t<\/div>\n\t\t<\/div>\n\t\t\t\t<div class=\"elementor-column elementor-col-25 elementor-top-column elementor-element elementor-element-6b6bb9c\" data-id=\"6b6bb9c\" data-element_type=\"column\">\n\t\t\t<div class=\"elementor-widget-wrap elementor-element-populated\">\n\t\t\t\t\t\t<div class=\"elementor-element elementor-element-b8f8a5e elementor-widget elementor-widget-text-editor\" data-id=\"b8f8a5e\" data-element_type=\"widget\" data-widget_type=\"text-editor.default\">\n\t\t\t\t<div class=\"elementor-widget-container\">\n\t\t\t\t\t\t\t<h5>City of Montr\u00e9al<\/h5><h5>City of Bromont<\/h5><h5>Soci\u00e9t\u00e9 de l\u2019Ile Notre-Dame<\/h5><h5>City of Sherbrooke<\/h5><h5>Concertation Montr\u00e9al<\/h5>\t\t\t\t\t\t<\/div>\n\t\t\t\t<\/div>\n\t\t\t\t\t<\/div>\n\t\t<\/div>\n\t\t\t\t<div class=\"elementor-column elementor-col-25 elementor-top-column elementor-element elementor-element-4c4a244\" data-id=\"4c4a244\" data-element_type=\"column\">\n\t\t\t<div class=\"elementor-widget-wrap elementor-element-populated\">\n\t\t\t\t\t\t<div class=\"elementor-element elementor-element-f8964d7 elementor-widget elementor-widget-text-editor\" data-id=\"f8964d7\" data-element_type=\"widget\" data-widget_type=\"text-editor.default\">\n\t\t\t\t<div class=\"elementor-widget-container\">\n\t\t\t\t\t\t\t<h5>Groupe COGECO<\/h5><h5>Radio-Qu\u00e9bec<\/h5><h5>T\u00e9l\u00e9m\u00e9dia Communications<\/h5><h5>Communications Radiomutuel<\/h5><h5>T\u00e9l\u00e9vision Quatre Saisons<\/h5>\t\t\t\t\t\t<\/div>\n\t\t\t\t<\/div>\n\t\t\t\t\t<\/div>\n\t\t<\/div>\n\t\t\t\t\t<\/div>\n\t\t<\/section>\n\t\t\t\t<section class=\"elementor-section elementor-top-section elementor-element elementor-element-18afa74 elementor-section-boxed elementor-section-height-default elementor-section-height-default\" data-id=\"18afa74\" data-element_type=\"section\">\n\t\t\t\t\t\t<div class=\"elementor-container elementor-column-gap-default\">\n\t\t\t\t\t<div class=\"elementor-column elementor-col-100 elementor-top-column elementor-element elementor-element-3239896\" data-id=\"3239896\" data-element_type=\"column\">\n\t\t\t<div class=\"elementor-widget-wrap elementor-element-populated\">\n\t\t\t\t\t\t<div class=\"elementor-element elementor-element-d045f1f elementor-widget-divider--view-line elementor-widget elementor-widget-divider\" data-id=\"d045f1f\" data-element_type=\"widget\" data-widget_type=\"divider.default\">\n\t\t\t\t<div class=\"elementor-widget-container\">\n\t\t\t\t\t<div class=\"elementor-divider\">\n\t\t\t<span class=\"elementor-divider-separator\">\n\t\t\t\t\t\t<\/span>\n\t\t<\/div>\n\t\t\t\t<\/div>\n\t\t\t\t<\/div>\n\t\t\t\t\t<\/div>\n\t\t<\/div>\n\t\t\t\t\t<\/div>\n\t\t<\/section>\n\t\t\t\t<section class=\"elementor-section elementor-top-section elementor-element elementor-element-ac3271a elementor-section-boxed elementor-section-height-default elementor-section-height-default\" data-id=\"ac3271a\" data-element_type=\"section\">\n\t\t\t\t\t\t<div class=\"elementor-container elementor-column-gap-default\">\n\t\t\t\t\t<header class=\"elementor-column elementor-col-33 elementor-top-column elementor-element elementor-element-2c5efff\" data-id=\"2c5efff\" data-element_type=\"column\">\n\t\t\t<div class=\"elementor-widget-wrap elementor-element-populated\">\n\t\t\t\t\t\t<div class=\"elementor-element elementor-element-49892fd elementor-align-center elementor-widget elementor-widget-button\" data-id=\"49892fd\" data-element_type=\"widget\" data-widget_type=\"button.default\">\n\t\t\t\t<div class=\"elementor-widget-container\">\n\t\t\t\t\t\t\t<div class=\"elementor-button-wrapper\">\n\t\t\t\t\t<a class=\"elementor-button elementor-button-link elementor-size-md elementor-animation-grow\" href=\"https:\/\/jacquesouimette.com\/en\/accueil\/portfolio\/affaires-publiques\/\">\n\t\t\t\t\t\t<span class=\"elementor-button-content-wrapper\">\n\t\t\t\t\t\t\t\t\t<span class=\"elementor-button-text\">Public Affairs<\/span>\n\t\t\t\t\t<\/span>\n\t\t\t\t\t<\/a>\n\t\t\t\t<\/div>\n\t\t\t\t\t\t<\/div>\n\t\t\t\t<\/div>\n\t\t\t\t\t<\/div>\n\t\t<\/header>\n\t\t\t\t<div class=\"elementor-column elementor-col-33 elementor-top-column elementor-element elementor-element-96b7802\" data-id=\"96b7802\" data-element_type=\"column\">\n\t\t\t<div class=\"elementor-widget-wrap elementor-element-populated\">\n\t\t\t\t\t\t<div class=\"elementor-element elementor-element-7e19e38 elementor-align-center elementor-widget elementor-widget-button\" data-id=\"7e19e38\" data-element_type=\"widget\" data-widget_type=\"button.default\">\n\t\t\t\t<div class=\"elementor-widget-container\">\n\t\t\t\t\t\t\t<div class=\"elementor-button-wrapper\">\n\t\t\t\t\t<a class=\"elementor-button elementor-button-link elementor-size-md elementor-animation-grow\" href=\"https:\/\/jacquesouimette.com\/en\/evenements\/\">\n\t\t\t\t\t\t<span class=\"elementor-button-content-wrapper\">\n\t\t\t\t\t\t\t\t\t<span class=\"elementor-button-text\">Events<\/span>\n\t\t\t\t\t<\/span>\n\t\t\t\t\t<\/a>\n\t\t\t\t<\/div>\n\t\t\t\t\t\t<\/div>\n\t\t\t\t<\/div>\n\t\t\t\t\t<\/div>\n\t\t<\/div>\n\t\t\t\t<div class=\"elementor-column elementor-col-33 elementor-top-column elementor-element elementor-element-16a7b55\" data-id=\"16a7b55\" data-element_type=\"column\">\n\t\t\t<div class=\"elementor-widget-wrap elementor-element-populated\">\n\t\t\t\t\t\t<div class=\"elementor-element elementor-element-26300bc elementor-align-center elementor-widget elementor-widget-button\" data-id=\"26300bc\" data-element_type=\"widget\" data-widget_type=\"button.default\">\n\t\t\t\t<div class=\"elementor-widget-container\">\n\t\t\t\t\t\t\t<div class=\"elementor-button-wrapper\">\n\t\t\t\t\t<a class=\"elementor-button elementor-button-link elementor-size-md elementor-animation-grow\" href=\"https:\/\/jacquesouimette.com\/en\/accueil\/portfolio\/distinction\/\">\n\t\t\t\t\t\t<span class=\"elementor-button-content-wrapper\">\n\t\t\t\t\t\t\t\t\t<span class=\"elementor-button-text\">Awards<\/span>\n\t\t\t\t\t<\/span>\n\t\t\t\t\t<\/a>\n\t\t\t\t<\/div>\n\t\t\t\t\t\t<\/div>\n\t\t\t\t<\/div>\n\t\t\t\t\t<\/div>\n\t\t<\/div>\n\t\t\t\t\t<\/div>\n\t\t<\/section>\n\t\t\t\t<section class=\"elementor-section elementor-top-section elementor-element elementor-element-6d670fe elementor-section-boxed elementor-section-height-default elementor-section-height-default\" data-id=\"6d670fe\" data-element_type=\"section\">\n\t\t\t\t\t\t<div class=\"elementor-container elementor-column-gap-default\">\n\t\t\t\t\t<div class=\"elementor-column elementor-col-100 elementor-top-column elementor-element elementor-element-9277a5b\" data-id=\"9277a5b\" data-element_type=\"column\">\n\t\t\t<div class=\"elementor-widget-wrap elementor-element-populated\">\n\t\t\t\t\t\t<div class=\"elementor-element elementor-element-e2d72c3 elementor-widget-divider--view-line elementor-widget elementor-widget-divider\" data-id=\"e2d72c3\" data-element_type=\"widget\" data-widget_type=\"divider.default\">\n\t\t\t\t<div class=\"elementor-widget-container\">\n\t\t\t\t\t<div class=\"elementor-divider\">\n\t\t\t<span class=\"elementor-divider-separator\">\n\t\t\t\t\t\t<\/span>\n\t\t<\/div>\n\t\t\t\t<\/div>\n\t\t\t\t<\/div>\n\t\t\t\t\t<\/div>\n\t\t<\/div>\n\t\t\t\t\t<\/div>\n\t\t<\/section>\n\t\t\t\t<\/div>","protected":false},"excerpt":{"rendered":"<p>Quelques faits saillants&#8230; \u00a0 Direction de festivals, d\u2019\u00e9v\u00e8nements et de projets internationaux parmi les plus importants au Canada, attirant jusqu\u2019\u00e0 trois millions de participants. Direction de productions sc\u00e9niques prim\u00e9es, \u00e0 titre de responsable de toutes les phases de la production y compris la promotion, la communication, le marketing, le montage financier et les partenariats. Cr\u00e9ation&hellip; <br \/> <a class=\"read-more\" href=\"https:\/\/jacquesouimette.com\/en\/communications\/\">Read more<\/a><\/p>","protected":false},"author":1,"featured_media":0,"parent":0,"menu_order":1,"comment_status":"closed","ping_status":"closed","template":"","meta":{"footnotes":""},"class_list":["post-213","page","type-page","status-publish","hentry"],"yoast_head":"<!-- This site is optimized with the Yoast SEO plugin v23.8 - https:\/\/yoast.com\/wordpress\/plugins\/seo\/ -->\n<title>Communications - Jacques Ouimette Communications<\/title>\n<meta name=\"robots\" content=\"index, follow, max-snippet:-1, max-image-preview:large, max-video-preview:-1\" \/>\n<link rel=\"canonical\" href=\"https:\/\/jacquesouimette.com\/en\/communications\/\" \/>\n<meta property=\"og:locale\" content=\"en_US\" \/>\n<meta property=\"og:type\" content=\"article\" \/>\n<meta property=\"og:title\" content=\"Communications - Jacques Ouimette Communications\" \/>\n<meta property=\"og:description\" content=\"Quelques faits saillants&#8230; \u00a0 Direction de festivals, d\u2019\u00e9v\u00e8nements et de projets internationaux parmi les plus importants au Canada, attirant jusqu\u2019\u00e0 trois millions de participants. Direction de productions sc\u00e9niques prim\u00e9es, \u00e0 titre de responsable de toutes les phases de la production y compris la promotion, la communication, le marketing, le montage financier et les partenariats. Cr\u00e9ation&hellip; Read more\" \/>\n<meta property=\"og:url\" content=\"https:\/\/jacquesouimette.com\/en\/communications\/\" \/>\n<meta property=\"og:site_name\" content=\"Jacques Ouimette Communications\" \/>\n<meta property=\"article:modified_time\" content=\"2025-03-12T17:14:47+00:00\" \/>\n<meta name=\"twitter:card\" content=\"summary_large_image\" \/>\n<meta name=\"twitter:label1\" content=\"Est. reading time\" \/>\n\t<meta name=\"twitter:data1\" content=\"2 minutes\" \/>\n<script type=\"application\/ld+json\" class=\"yoast-schema-graph\">{\"@context\":\"https:\/\/schema.org\",\"@graph\":[{\"@type\":\"WebPage\",\"@id\":\"https:\/\/jacquesouimette.com\/communications\/\",\"url\":\"https:\/\/jacquesouimette.com\/communications\/\",\"name\":\"Communications - Jacques Ouimette Communications\",\"isPartOf\":{\"@id\":\"https:\/\/jacquesouimette.com\/fr\/#website\"},\"datePublished\":\"2020-06-09T19:14:27+00:00\",\"dateModified\":\"2025-03-12T17:14:47+00:00\",\"breadcrumb\":{\"@id\":\"https:\/\/jacquesouimette.com\/communications\/#breadcrumb\"},\"inLanguage\":\"en-CA\",\"potentialAction\":[{\"@type\":\"ReadAction\",\"target\":[\"https:\/\/jacquesouimette.com\/communications\/\"]}]},{\"@type\":\"BreadcrumbList\",\"@id\":\"https:\/\/jacquesouimette.com\/communications\/#breadcrumb\",\"itemListElement\":[{\"@type\":\"ListItem\",\"position\":1,\"name\":\"Accueil\",\"item\":\"https:\/\/jacquesouimette.com\/\"},{\"@type\":\"ListItem\",\"position\":2,\"name\":\"Communications\"}]},{\"@type\":\"WebSite\",\"@id\":\"https:\/\/jacquesouimette.com\/fr\/#website\",\"url\":\"https:\/\/jacquesouimette.com\/fr\/\",\"name\":\"Jacques Ouimette Communications\",\"description\":\"Communication \u00e9v\u00e9nementielle strat\u00e9gique\",\"publisher\":{\"@id\":\"https:\/\/jacquesouimette.com\/fr\/#organization\"},\"potentialAction\":[{\"@type\":\"SearchAction\",\"target\":{\"@type\":\"EntryPoint\",\"urlTemplate\":\"https:\/\/jacquesouimette.com\/fr\/?s={search_term_string}\"},\"query-input\":{\"@type\":\"PropertyValueSpecification\",\"valueRequired\":true,\"valueName\":\"search_term_string\"}}],\"inLanguage\":\"en-CA\"},{\"@type\":\"Organization\",\"@id\":\"https:\/\/jacquesouimette.com\/fr\/#organization\",\"name\":\"Jacques Ouimette Communications\",\"url\":\"https:\/\/jacquesouimette.com\/fr\/\",\"logo\":{\"@type\":\"ImageObject\",\"inLanguage\":\"en-CA\",\"@id\":\"https:\/\/jacquesouimette.com\/fr\/#\/schema\/logo\/image\/\",\"url\":\"https:\/\/jacquesouimette.com\/wp-content\/uploads\/2020\/08\/cropped-Logo-J-O.jpg\",\"contentUrl\":\"https:\/\/jacquesouimette.com\/wp-content\/uploads\/2020\/08\/cropped-Logo-J-O.jpg\",\"width\":818,\"height\":224,\"caption\":\"Jacques Ouimette Communications\"},\"image\":{\"@id\":\"https:\/\/jacquesouimette.com\/fr\/#\/schema\/logo\/image\/\"}}]}<\/script>\n<!-- \/ Yoast SEO plugin. -->","yoast_head_json":{"title":"Communications - Jacques Ouimette Communications","robots":{"index":"index","follow":"follow","max-snippet":"max-snippet:-1","max-image-preview":"max-image-preview:large","max-video-preview":"max-video-preview:-1"},"canonical":"https:\/\/jacquesouimette.com\/en\/communications\/","og_locale":"en_US","og_type":"article","og_title":"Communications - Jacques Ouimette Communications","og_description":"Quelques faits saillants&#8230; \u00a0 Direction de festivals, d\u2019\u00e9v\u00e8nements et de projets internationaux parmi les plus importants au Canada, attirant jusqu\u2019\u00e0 trois millions de participants. Direction de productions sc\u00e9niques prim\u00e9es, \u00e0 titre de responsable de toutes les phases de la production y compris la promotion, la communication, le marketing, le montage financier et les partenariats. Cr\u00e9ation&hellip; Read more","og_url":"https:\/\/jacquesouimette.com\/en\/communications\/","og_site_name":"Jacques Ouimette Communications","article_modified_time":"2025-03-12T17:14:47+00:00","twitter_card":"summary_large_image","twitter_misc":{"Est. reading time":"2 minutes"},"schema":{"@context":"https:\/\/schema.org","@graph":[{"@type":"WebPage","@id":"https:\/\/jacquesouimette.com\/communications\/","url":"https:\/\/jacquesouimette.com\/communications\/","name":"Communications - Jacques Ouimette Communications","isPartOf":{"@id":"https:\/\/jacquesouimette.com\/fr\/#website"},"datePublished":"2020-06-09T19:14:27+00:00","dateModified":"2025-03-12T17:14:47+00:00","breadcrumb":{"@id":"https:\/\/jacquesouimette.com\/communications\/#breadcrumb"},"inLanguage":"en-CA","potentialAction":[{"@type":"ReadAction","target":["https:\/\/jacquesouimette.com\/communications\/"]}]},{"@type":"BreadcrumbList","@id":"https:\/\/jacquesouimette.com\/communications\/#breadcrumb","itemListElement":[{"@type":"ListItem","position":1,"name":"Accueil","item":"https:\/\/jacquesouimette.com\/"},{"@type":"ListItem","position":2,"name":"Communications"}]},{"@type":"WebSite","@id":"https:\/\/jacquesouimette.com\/fr\/#website","url":"https:\/\/jacquesouimette.com\/fr\/","name":"Jacques Ouimette Communications","description":"Communication \u00e9v\u00e9nementielle strat\u00e9gique","publisher":{"@id":"https:\/\/jacquesouimette.com\/fr\/#organization"},"potentialAction":[{"@type":"SearchAction","target":{"@type":"EntryPoint","urlTemplate":"https:\/\/jacquesouimette.com\/fr\/?s={search_term_string}"},"query-input":{"@type":"PropertyValueSpecification","valueRequired":true,"valueName":"search_term_string"}}],"inLanguage":"en-CA"},{"@type":"Organization","@id":"https:\/\/jacquesouimette.com\/fr\/#organization","name":"Jacques Ouimette Communications","url":"https:\/\/jacquesouimette.com\/fr\/","logo":{"@type":"ImageObject","inLanguage":"en-CA","@id":"https:\/\/jacquesouimette.com\/fr\/#\/schema\/logo\/image\/","url":"https:\/\/jacquesouimette.com\/wp-content\/uploads\/2020\/08\/cropped-Logo-J-O.jpg","contentUrl":"https:\/\/jacquesouimette.com\/wp-content\/uploads\/2020\/08\/cropped-Logo-J-O.jpg","width":818,"height":224,"caption":"Jacques Ouimette Communications"},"image":{"@id":"https:\/\/jacquesouimette.com\/fr\/#\/schema\/logo\/image\/"}}]}},"_links":{"self":[{"href":"https:\/\/jacquesouimette.com\/en\/wp-json\/wp\/v2\/pages\/213","targetHints":{"allow":["GET"]}}],"collection":[{"href":"https:\/\/jacquesouimette.com\/en\/wp-json\/wp\/v2\/pages"}],"about":[{"href":"https:\/\/jacquesouimette.com\/en\/wp-json\/wp\/v2\/types\/page"}],"author":[{"embeddable":true,"href":"https:\/\/jacquesouimette.com\/en\/wp-json\/wp\/v2\/users\/1"}],"replies":[{"embeddable":true,"href":"https:\/\/jacquesouimette.com\/en\/wp-json\/wp\/v2\/comments?post=213"}],"version-history":[{"count":0,"href":"https:\/\/jacquesouimette.com\/en\/wp-json\/wp\/v2\/pages\/213\/revisions"}],"wp:attachment":[{"href":"https:\/\/jacquesouimette.com\/en\/wp-json\/wp\/v2\/media?parent=213"}],"curies":[{"name":"wp","href":"https:\/\/api.w.org\/{rel}","templated":true}]}}