{"id":494,"date":"2020-06-15T10:03:59","date_gmt":"2020-06-15T14:03:59","guid":{"rendered":"https:\/\/jacquesouimette.com\/?page_id=494"},"modified":"2025-03-12T13:14:49","modified_gmt":"2025-03-12T17:14:49","slug":"mosaicultures-internationales-de-montreal-2018","status":"publish","type":"page","link":"https:\/\/jacquesouimette.com\/en\/evenements\/mosaicultures-internationales-de-montreal-2018\/","title":{"rendered":"Mosa\u00efcultures 2018"},"content":{"rendered":"<div data-elementor-type=\"wp-page\" data-elementor-id=\"494\" class=\"elementor elementor-494\" data-elementor-post-type=\"page\">\n\t\t\t\t\t\t<section class=\"elementor-section elementor-top-section elementor-element elementor-element-11f7359 elementor-section-boxed elementor-section-height-default elementor-section-height-default\" data-id=\"11f7359\" data-element_type=\"section\">\n\t\t\t\t\t\t<div class=\"elementor-container elementor-column-gap-default\">\n\t\t\t\t\t<div class=\"elementor-column elementor-col-100 elementor-top-column elementor-element elementor-element-f39b015\" data-id=\"f39b015\" data-element_type=\"column\">\n\t\t\t<div class=\"elementor-widget-wrap elementor-element-populated\">\n\t\t\t\t\t\t<div class=\"elementor-element elementor-element-2516f98 elementor-widget elementor-widget-video\" data-id=\"2516f98\" data-element_type=\"widget\" data-settings=\"{&quot;video_type&quot;:&quot;hosted&quot;,&quot;controls&quot;:&quot;yes&quot;}\" data-widget_type=\"video.default\">\n\t\t\t\t<div class=\"elementor-widget-container\">\n\t\t\t\t\t<div class=\"e-hosted-video elementor-wrapper elementor-open-inline\">\n\t\t\t\t\t<video class=\"elementor-video\" src=\"http:\/\/mosaiculture.ca\/entrevue\/video.html\" controls=\"\" preload=\"metadata\" controlslist=\"nodownload\"><\/video>\n\t\t\t\t<\/div>\n\t\t\t\t<\/div>\n\t\t\t\t<\/div>\n\t\t\t\t\t<\/div>\n\t\t<\/div>\n\t\t\t\t\t<\/div>\n\t\t<\/section>\n\t\t\t\t<section class=\"elementor-section elementor-top-section elementor-element elementor-element-f0a23b5 elementor-section-boxed elementor-section-height-default elementor-section-height-default\" data-id=\"f0a23b5\" data-element_type=\"section\">\n\t\t\t\t\t\t<div class=\"elementor-container elementor-column-gap-default\">\n\t\t\t\t\t<div class=\"elementor-column elementor-col-100 elementor-top-column elementor-element elementor-element-eb41121\" data-id=\"eb41121\" data-element_type=\"column\">\n\t\t\t<div class=\"elementor-widget-wrap elementor-element-populated\">\n\t\t\t\t\t\t<div class=\"elementor-element elementor-element-4e3f5ca elementor-widget elementor-widget-text-editor\" data-id=\"4e3f5ca\" data-element_type=\"widget\" data-widget_type=\"text-editor.default\">\n\t\t\t\t<div class=\"elementor-widget-container\">\n\t\t\t\t\t\t\t<p><a href=\"https:\/\/jacquesouimette.com\/wp-content\/uploads\/2020\/06\/la_revue_de_presse-2018-12-20T21_35_16Z.pdf\">la_revue_de_presse-2018-12-20T21_35_16Z<\/a><\/p>\t\t\t\t\t\t<\/div>\n\t\t\t\t<\/div>\n\t\t\t\t\t<\/div>\n\t\t<\/div>\n\t\t\t\t\t<\/div>\n\t\t<\/section>\n\t\t\t\t<\/div>","protected":false},"excerpt":{"rendered":"<p>http:\/\/mosaiculture.ca\/entrevue\/video.html la_revue_de_presse-2018-12-20T21_35_16Z<\/p>","protected":false},"author":1,"featured_media":0,"parent":230,"menu_order":1,"comment_status":"closed","ping_status":"closed","template":"","meta":{"footnotes":""},"class_list":["post-494","page","type-page","status-publish","hentry"],"yoast_head":"<!-- This site is optimized with the Yoast SEO plugin v23.8 - https:\/\/yoast.com\/wordpress\/plugins\/seo\/ -->\n<title>Mosa\u00efcultures 2018 - Jacques Ouimette Communications<\/title>\n<meta name=\"robots\" content=\"index, follow, max-snippet:-1, max-image-preview:large, max-video-preview:-1\" \/>\n<link rel=\"canonical\" href=\"https:\/\/jacquesouimette.com\/en\/evenements\/mosaicultures-internationales-de-montreal-2018\/\" \/>\n<meta property=\"og:locale\" content=\"en_US\" \/>\n<meta property=\"og:type\" content=\"article\" \/>\n<meta property=\"og:title\" content=\"Mosa\u00efcultures 2018 - Jacques Ouimette Communications\" \/>\n<meta property=\"og:description\" content=\"http:\/\/mosaiculture.ca\/entrevue\/video.html la_revue_de_presse-2018-12-20T21_35_16Z\" \/>\n<meta property=\"og:url\" content=\"https:\/\/jacquesouimette.com\/en\/evenements\/mosaicultures-internationales-de-montreal-2018\/\" \/>\n<meta property=\"og:site_name\" content=\"Jacques Ouimette Communications\" \/>\n<meta property=\"article:modified_time\" content=\"2025-03-12T17:14:49+00:00\" \/>\n<meta name=\"twitter:card\" content=\"summary_large_image\" \/>\n<script type=\"application\/ld+json\" class=\"yoast-schema-graph\">{\"@context\":\"https:\/\/schema.org\",\"@graph\":[{\"@type\":\"WebPage\",\"@id\":\"https:\/\/jacquesouimette.com\/evenements\/mosaicultures-internationales-de-montreal-2018\/\",\"url\":\"https:\/\/jacquesouimette.com\/evenements\/mosaicultures-internationales-de-montreal-2018\/\",\"name\":\"Mosa\u00efcultures 2018 - Jacques Ouimette Communications\",\"isPartOf\":{\"@id\":\"https:\/\/jacquesouimette.com\/fr\/#website\"},\"datePublished\":\"2020-06-15T14:03:59+00:00\",\"dateModified\":\"2025-03-12T17:14:49+00:00\",\"breadcrumb\":{\"@id\":\"https:\/\/jacquesouimette.com\/evenements\/mosaicultures-internationales-de-montreal-2018\/#breadcrumb\"},\"inLanguage\":\"en-CA\",\"potentialAction\":[{\"@type\":\"ReadAction\",\"target\":[\"https:\/\/jacquesouimette.com\/evenements\/mosaicultures-internationales-de-montreal-2018\/\"]}]},{\"@type\":\"BreadcrumbList\",\"@id\":\"https:\/\/jacquesouimette.com\/evenements\/mosaicultures-internationales-de-montreal-2018\/#breadcrumb\",\"itemListElement\":[{\"@type\":\"ListItem\",\"position\":1,\"name\":\"Accueil\",\"item\":\"https:\/\/jacquesouimette.com\/\"},{\"@type\":\"ListItem\",\"position\":2,\"name\":\"\u00c9v\u00e9nements\",\"item\":\"https:\/\/jacquesouimette.com\/evenements\/\"},{\"@type\":\"ListItem\",\"position\":3,\"name\":\"Mosa\u00efcultures 2018\"}]},{\"@type\":\"WebSite\",\"@id\":\"https:\/\/jacquesouimette.com\/fr\/#website\",\"url\":\"https:\/\/jacquesouimette.com\/fr\/\",\"name\":\"Jacques Ouimette Communications\",\"description\":\"Communication \u00e9v\u00e9nementielle strat\u00e9gique\",\"publisher\":{\"@id\":\"https:\/\/jacquesouimette.com\/fr\/#organization\"},\"potentialAction\":[{\"@type\":\"SearchAction\",\"target\":{\"@type\":\"EntryPoint\",\"urlTemplate\":\"https:\/\/jacquesouimette.com\/fr\/?s={search_term_string}\"},\"query-input\":{\"@type\":\"PropertyValueSpecification\",\"valueRequired\":true,\"valueName\":\"search_term_string\"}}],\"inLanguage\":\"en-CA\"},{\"@type\":\"Organization\",\"@id\":\"https:\/\/jacquesouimette.com\/fr\/#organization\",\"name\":\"Jacques Ouimette Communications\",\"url\":\"https:\/\/jacquesouimette.com\/fr\/\",\"logo\":{\"@type\":\"ImageObject\",\"inLanguage\":\"en-CA\",\"@id\":\"https:\/\/jacquesouimette.com\/fr\/#\/schema\/logo\/image\/\",\"url\":\"https:\/\/jacquesouimette.com\/wp-content\/uploads\/2020\/08\/cropped-Logo-J-O.jpg\",\"contentUrl\":\"https:\/\/jacquesouimette.com\/wp-content\/uploads\/2020\/08\/cropped-Logo-J-O.jpg\",\"width\":818,\"height\":224,\"caption\":\"Jacques Ouimette Communications\"},\"image\":{\"@id\":\"https:\/\/jacquesouimette.com\/fr\/#\/schema\/logo\/image\/\"}}]}<\/script>\n<!-- \/ Yoast SEO plugin. -->","yoast_head_json":{"title":"Mosa\u00efcultures 2018 - Jacques Ouimette Communications","robots":{"index":"index","follow":"follow","max-snippet":"max-snippet:-1","max-image-preview":"max-image-preview:large","max-video-preview":"max-video-preview:-1"},"canonical":"https:\/\/jacquesouimette.com\/en\/evenements\/mosaicultures-internationales-de-montreal-2018\/","og_locale":"en_US","og_type":"article","og_title":"Mosa\u00efcultures 2018 - Jacques Ouimette Communications","og_description":"http:\/\/mosaiculture.ca\/entrevue\/video.html la_revue_de_presse-2018-12-20T21_35_16Z","og_url":"https:\/\/jacquesouimette.com\/en\/evenements\/mosaicultures-internationales-de-montreal-2018\/","og_site_name":"Jacques Ouimette Communications","article_modified_time":"2025-03-12T17:14:49+00:00","twitter_card":"summary_large_image","schema":{"@context":"https:\/\/schema.org","@graph":[{"@type":"WebPage","@id":"https:\/\/jacquesouimette.com\/evenements\/mosaicultures-internationales-de-montreal-2018\/","url":"https:\/\/jacquesouimette.com\/evenements\/mosaicultures-internationales-de-montreal-2018\/","name":"Mosa\u00efcultures 2018 - Jacques Ouimette Communications","isPartOf":{"@id":"https:\/\/jacquesouimette.com\/fr\/#website"},"datePublished":"2020-06-15T14:03:59+00:00","dateModified":"2025-03-12T17:14:49+00:00","breadcrumb":{"@id":"https:\/\/jacquesouimette.com\/evenements\/mosaicultures-internationales-de-montreal-2018\/#breadcrumb"},"inLanguage":"en-CA","potentialAction":[{"@type":"ReadAction","target":["https:\/\/jacquesouimette.com\/evenements\/mosaicultures-internationales-de-montreal-2018\/"]}]},{"@type":"BreadcrumbList","@id":"https:\/\/jacquesouimette.com\/evenements\/mosaicultures-internationales-de-montreal-2018\/#breadcrumb","itemListElement":[{"@type":"ListItem","position":1,"name":"Accueil","item":"https:\/\/jacquesouimette.com\/"},{"@type":"ListItem","position":2,"name":"\u00c9v\u00e9nements","item":"https:\/\/jacquesouimette.com\/evenements\/"},{"@type":"ListItem","position":3,"name":"Mosa\u00efcultures 2018"}]},{"@type":"WebSite","@id":"https:\/\/jacquesouimette.com\/fr\/#website","url":"https:\/\/jacquesouimette.com\/fr\/","name":"Jacques Ouimette Communications","description":"Communication \u00e9v\u00e9nementielle strat\u00e9gique","publisher":{"@id":"https:\/\/jacquesouimette.com\/fr\/#organization"},"potentialAction":[{"@type":"SearchAction","target":{"@type":"EntryPoint","urlTemplate":"https:\/\/jacquesouimette.com\/fr\/?s={search_term_string}"},"query-input":{"@type":"PropertyValueSpecification","valueRequired":true,"valueName":"search_term_string"}}],"inLanguage":"en-CA"},{"@type":"Organization","@id":"https:\/\/jacquesouimette.com\/fr\/#organization","name":"Jacques Ouimette Communications","url":"https:\/\/jacquesouimette.com\/fr\/","logo":{"@type":"ImageObject","inLanguage":"en-CA","@id":"https:\/\/jacquesouimette.com\/fr\/#\/schema\/logo\/image\/","url":"https:\/\/jacquesouimette.com\/wp-content\/uploads\/2020\/08\/cropped-Logo-J-O.jpg","contentUrl":"https:\/\/jacquesouimette.com\/wp-content\/uploads\/2020\/08\/cropped-Logo-J-O.jpg","width":818,"height":224,"caption":"Jacques Ouimette Communications"},"image":{"@id":"https:\/\/jacquesouimette.com\/fr\/#\/schema\/logo\/image\/"}}]}},"_links":{"self":[{"href":"https:\/\/jacquesouimette.com\/en\/wp-json\/wp\/v2\/pages\/494","targetHints":{"allow":["GET"]}}],"collection":[{"href":"https:\/\/jacquesouimette.com\/en\/wp-json\/wp\/v2\/pages"}],"about":[{"href":"https:\/\/jacquesouimette.com\/en\/wp-json\/wp\/v2\/types\/page"}],"author":[{"embeddable":true,"href":"https:\/\/jacquesouimette.com\/en\/wp-json\/wp\/v2\/users\/1"}],"replies":[{"embeddable":true,"href":"https:\/\/jacquesouimette.com\/en\/wp-json\/wp\/v2\/comments?post=494"}],"version-history":[{"count":0,"href":"https:\/\/jacquesouimette.com\/en\/wp-json\/wp\/v2\/pages\/494\/revisions"}],"up":[{"embeddable":true,"href":"https:\/\/jacquesouimette.com\/en\/wp-json\/wp\/v2\/pages\/230"}],"wp:attachment":[{"href":"https:\/\/jacquesouimette.com\/en\/wp-json\/wp\/v2\/media?parent=494"}],"curies":[{"name":"wp","href":"https:\/\/api.w.org\/{rel}","templated":true}]}}