{"id":156,"date":"2020-06-08T10:48:47","date_gmt":"2020-06-08T14:48:47","guid":{"rendered":"https:\/\/jacquesouimette.com\/?page_id=156"},"modified":"2025-03-12T13:14:47","modified_gmt":"2025-03-12T17:14:47","slug":"services","status":"publish","type":"page","link":"https:\/\/jacquesouimette.com\/fr\/accueil\/services\/","title":{"rendered":"Services"},"content":{"rendered":"\t\t<div data-elementor-type=\"wp-page\" data-elementor-id=\"156\" class=\"elementor elementor-156\" data-elementor-post-type=\"page\">\n\t\t\t\t\t\t<section class=\"elementor-section elementor-top-section elementor-element elementor-element-4437cb8 elementor-section-boxed elementor-section-height-default elementor-section-height-default\" data-id=\"4437cb8\" data-element_type=\"section\">\n\t\t\t\t\t\t<div class=\"elementor-container elementor-column-gap-default\">\n\t\t\t\t\t<div class=\"elementor-column elementor-col-100 elementor-top-column elementor-element elementor-element-3ee1628\" data-id=\"3ee1628\" data-element_type=\"column\">\n\t\t\t<div class=\"elementor-widget-wrap elementor-element-populated\">\n\t\t\t\t\t\t<div class=\"elementor-element elementor-element-81d6f3f elementor-widget elementor-widget-image\" data-id=\"81d6f3f\" data-element_type=\"widget\" data-widget_type=\"image.default\">\n\t\t\t\t<div class=\"elementor-widget-container\">\n\t\t\t\t\t\t\t\t\t\t\t\t\t\t<a href=\"https:\/\/jacquesouimette.com\/wp-content\/uploads\/2020\/10\/Confe\u0301rence-JO-scaled.jpg\" data-elementor-open-lightbox=\"yes\" data-elementor-lightbox-title=\"Confe\u0301rence JO\" data-e-action-hash=\"#elementor-action%3Aaction%3Dlightbox%26settings%3DeyJpZCI6MTM0NCwidXJsIjoiaHR0cHM6XC9cL2phY3F1ZXNvdWltZXR0ZS5jb21cL3dwLWNvbnRlbnRcL3VwbG9hZHNcLzIwMjBcLzEwXC9Db25mZVx1MDMwMXJlbmNlLUpPLXNjYWxlZC5qcGcifQ%3D%3D\">\n\t\t\t\t\t\t\t<img fetchpriority=\"high\" decoding=\"async\" width=\"1024\" height=\"576\" src=\"https:\/\/jacquesouimette.com\/wp-content\/uploads\/2020\/10\/Confe\u0301rence-JO-1024x576.jpg\" class=\"attachment-large size-large wp-image-1344\" alt=\"\" srcset=\"https:\/\/jacquesouimette.com\/wp-content\/uploads\/2020\/10\/Confe\u0301rence-JO-1024x576.jpg 1024w, https:\/\/jacquesouimette.com\/wp-content\/uploads\/2020\/10\/Confe\u0301rence-JO-300x169.jpg 300w, https:\/\/jacquesouimette.com\/wp-content\/uploads\/2020\/10\/Confe\u0301rence-JO-768x432.jpg 768w, https:\/\/jacquesouimette.com\/wp-content\/uploads\/2020\/10\/Confe\u0301rence-JO-1536x864.jpg 1536w, https:\/\/jacquesouimette.com\/wp-content\/uploads\/2020\/10\/Confe\u0301rence-JO-2048x1152.jpg 2048w, https:\/\/jacquesouimette.com\/wp-content\/uploads\/2020\/10\/Confe\u0301rence-JO-1920x1080.jpg 1920w\" sizes=\"(max-width: 1024px) 100vw, 1024px\" \/>\t\t\t\t\t\t\t\t<\/a>\n\t\t\t\t\t\t\t\t\t\t\t\t\t<\/div>\n\t\t\t\t<\/div>\n\t\t\t\t\t<\/div>\n\t\t<\/div>\n\t\t\t\t\t<\/div>\n\t\t<\/section>\n\t\t\t\t<section class=\"elementor-section elementor-top-section elementor-element elementor-element-e714a12 elementor-section-boxed elementor-section-height-default elementor-section-height-default\" data-id=\"e714a12\" data-element_type=\"section\">\n\t\t\t\t\t\t<div class=\"elementor-container elementor-column-gap-default\">\n\t\t\t\t\t<div class=\"elementor-column elementor-col-100 elementor-top-column elementor-element elementor-element-bacaaae\" data-id=\"bacaaae\" data-element_type=\"column\">\n\t\t\t<div class=\"elementor-widget-wrap elementor-element-populated\">\n\t\t\t\t\t\t<div class=\"elementor-element elementor-element-b6e0c3d elementor-widget-divider--view-line elementor-widget elementor-widget-divider\" data-id=\"b6e0c3d\" data-element_type=\"widget\" data-widget_type=\"divider.default\">\n\t\t\t\t<div class=\"elementor-widget-container\">\n\t\t\t\t\t<div class=\"elementor-divider\">\n\t\t\t<span class=\"elementor-divider-separator\">\n\t\t\t\t\t\t<\/span>\n\t\t<\/div>\n\t\t\t\t<\/div>\n\t\t\t\t<\/div>\n\t\t\t\t\t<\/div>\n\t\t<\/div>\n\t\t\t\t\t<\/div>\n\t\t<\/section>\n\t\t\t\t<section class=\"elementor-section elementor-top-section elementor-element elementor-element-08d8d17 elementor-section-boxed elementor-section-height-default elementor-section-height-default\" data-id=\"08d8d17\" data-element_type=\"section\">\n\t\t\t\t\t\t<div class=\"elementor-container elementor-column-gap-default\">\n\t\t\t\t\t<div class=\"elementor-column elementor-col-100 elementor-top-column elementor-element elementor-element-f1f7255\" data-id=\"f1f7255\" data-element_type=\"column\">\n\t\t\t<div class=\"elementor-widget-wrap elementor-element-populated\">\n\t\t\t\t\t\t<div class=\"elementor-element elementor-element-40063d7 elementor-widget elementor-widget-text-editor\" data-id=\"40063d7\" data-element_type=\"widget\" data-widget_type=\"text-editor.default\">\n\t\t\t\t<div class=\"elementor-widget-container\">\n\t\t\t\t\t\t\t<h1>Les champs d&rsquo;expertise<\/h1>\t\t\t\t\t\t<\/div>\n\t\t\t\t<\/div>\n\t\t\t\t\t<\/div>\n\t\t<\/div>\n\t\t\t\t\t<\/div>\n\t\t<\/section>\n\t\t\t\t<section class=\"elementor-section elementor-top-section elementor-element elementor-element-fe61298 elementor-section-boxed elementor-section-height-default elementor-section-height-default\" data-id=\"fe61298\" data-element_type=\"section\">\n\t\t\t\t\t\t<div class=\"elementor-container elementor-column-gap-default\">\n\t\t\t\t\t<div class=\"elementor-column elementor-col-100 elementor-top-column elementor-element elementor-element-9756d81\" data-id=\"9756d81\" data-element_type=\"column\">\n\t\t\t<div class=\"elementor-widget-wrap elementor-element-populated\">\n\t\t\t\t\t\t<div class=\"elementor-element elementor-element-9ebc53e elementor-widget elementor-widget-text-editor\" data-id=\"9ebc53e\" data-element_type=\"widget\" data-widget_type=\"text-editor.default\">\n\t\t\t\t<div class=\"elementor-widget-container\">\n\t\t\t\t\t\t\t<h3><span style=\"text-decoration: underline;\">Communication \u00e9v\u00e9nementielle strat\u00e9gique<\/span><\/h3><ul><li><h4>Analyse des enjeux strat\u00e9giques de communication<\/h4><\/li><li><h4>Planification strat\u00e9gique<\/h4><\/li><li><h4>Conception<\/h4><\/li><li><h4>D\u00e9veloppement de partenariats publics et priv\u00e9s<\/h4><\/li><li><h4>Mise en march\u00e9 et rayonnement<\/h4><\/li><li><h4>Cr\u00e9ation de produits et \u00e9v\u00e8nements touristiques\u00a0<\/h4><\/li><li><h4><span style=\"font-size: 1.1rem; letter-spacing: 0.0625rem;\">Promotion touristique et corporative \u00e0 l\u2019international<\/span><\/h4><\/li><\/ul>\t\t\t\t\t\t<\/div>\n\t\t\t\t<\/div>\n\t\t\t\t\t<\/div>\n\t\t<\/div>\n\t\t\t\t\t<\/div>\n\t\t<\/section>\n\t\t\t\t<section class=\"elementor-section elementor-top-section elementor-element elementor-element-540bb7a elementor-section-boxed elementor-section-height-default elementor-section-height-default\" data-id=\"540bb7a\" data-element_type=\"section\">\n\t\t\t\t\t\t<div class=\"elementor-container elementor-column-gap-default\">\n\t\t\t\t\t<div class=\"elementor-column elementor-col-100 elementor-top-column elementor-element elementor-element-236dd95\" data-id=\"236dd95\" data-element_type=\"column\">\n\t\t\t<div class=\"elementor-widget-wrap elementor-element-populated\">\n\t\t\t\t\t\t<div class=\"elementor-element elementor-element-206ac0a elementor-widget-divider--view-line elementor-widget elementor-widget-divider\" data-id=\"206ac0a\" data-element_type=\"widget\" data-widget_type=\"divider.default\">\n\t\t\t\t<div class=\"elementor-widget-container\">\n\t\t\t\t\t<div class=\"elementor-divider\">\n\t\t\t<span class=\"elementor-divider-separator\">\n\t\t\t\t\t\t<\/span>\n\t\t<\/div>\n\t\t\t\t<\/div>\n\t\t\t\t<\/div>\n\t\t\t\t\t<\/div>\n\t\t<\/div>\n\t\t\t\t\t<\/div>\n\t\t<\/section>\n\t\t\t\t<\/div>\n\t\t","protected":false},"excerpt":{"rendered":"<p>Les champs d&rsquo;expertise Communication \u00e9v\u00e9nementielle strat\u00e9gique Analyse des enjeux strat\u00e9giques de communication Planification strat\u00e9gique Conception D\u00e9veloppement de partenariats publics et priv\u00e9s Mise en march\u00e9 et rayonnement Cr\u00e9ation de produits et \u00e9v\u00e8nements touristiques\u00a0 Promotion touristique et corporative \u00e0 l\u2019international<\/p>\n","protected":false},"author":1,"featured_media":0,"parent":152,"menu_order":3,"comment_status":"closed","ping_status":"closed","template":"","meta":{"footnotes":""},"class_list":["post-156","page","type-page","status-publish","hentry"],"yoast_head":"<!-- This site is optimized with the Yoast SEO plugin v23.8 - https:\/\/yoast.com\/wordpress\/plugins\/seo\/ -->\n<title>Services - Jacques Ouimette Communications<\/title>\n<meta name=\"robots\" content=\"index, follow, max-snippet:-1, max-image-preview:large, max-video-preview:-1\" \/>\n<link rel=\"canonical\" href=\"https:\/\/jacquesouimette.com\/fr\/accueil\/services\/\" \/>\n<meta property=\"og:locale\" content=\"fr_CA\" \/>\n<meta property=\"og:type\" content=\"article\" \/>\n<meta property=\"og:title\" content=\"Services - Jacques Ouimette Communications\" \/>\n<meta property=\"og:description\" content=\"Les champs d&rsquo;expertise Communication \u00e9v\u00e9nementielle strat\u00e9gique Analyse des enjeux strat\u00e9giques de communication Planification strat\u00e9gique Conception D\u00e9veloppement de partenariats publics et priv\u00e9s Mise en march\u00e9 et rayonnement Cr\u00e9ation de produits et \u00e9v\u00e8nements touristiques\u00a0 Promotion touristique et corporative \u00e0 l\u2019international\" \/>\n<meta property=\"og:url\" content=\"https:\/\/jacquesouimette.com\/fr\/accueil\/services\/\" \/>\n<meta property=\"og:site_name\" content=\"Jacques Ouimette Communications\" \/>\n<meta property=\"article:modified_time\" content=\"2025-03-12T17:14:47+00:00\" \/>\n<meta name=\"twitter:card\" content=\"summary_large_image\" \/>\n<script type=\"application\/ld+json\" class=\"yoast-schema-graph\">{\"@context\":\"https:\/\/schema.org\",\"@graph\":[{\"@type\":\"WebPage\",\"@id\":\"https:\/\/jacquesouimette.com\/accueil\/services\/\",\"url\":\"https:\/\/jacquesouimette.com\/accueil\/services\/\",\"name\":\"Services - Jacques Ouimette Communications\",\"isPartOf\":{\"@id\":\"https:\/\/jacquesouimette.com\/fr\/#website\"},\"datePublished\":\"2020-06-08T14:48:47+00:00\",\"dateModified\":\"2025-03-12T17:14:47+00:00\",\"breadcrumb\":{\"@id\":\"https:\/\/jacquesouimette.com\/accueil\/services\/#breadcrumb\"},\"inLanguage\":\"fr-CA\",\"potentialAction\":[{\"@type\":\"ReadAction\",\"target\":[\"https:\/\/jacquesouimette.com\/accueil\/services\/\"]}]},{\"@type\":\"BreadcrumbList\",\"@id\":\"https:\/\/jacquesouimette.com\/accueil\/services\/#breadcrumb\",\"itemListElement\":[{\"@type\":\"ListItem\",\"position\":1,\"name\":\"Accueil\",\"item\":\"https:\/\/jacquesouimette.com\/\"},{\"@type\":\"ListItem\",\"position\":2,\"name\":\"Accueil\",\"item\":\"https:\/\/jacquesouimette.com\/accueil\/\"},{\"@type\":\"ListItem\",\"position\":3,\"name\":\"Services\"}]},{\"@type\":\"WebSite\",\"@id\":\"https:\/\/jacquesouimette.com\/fr\/#website\",\"url\":\"https:\/\/jacquesouimette.com\/fr\/\",\"name\":\"Jacques Ouimette Communications\",\"description\":\"Communication \u00e9v\u00e9nementielle strat\u00e9gique\",\"publisher\":{\"@id\":\"https:\/\/jacquesouimette.com\/fr\/#organization\"},\"potentialAction\":[{\"@type\":\"SearchAction\",\"target\":{\"@type\":\"EntryPoint\",\"urlTemplate\":\"https:\/\/jacquesouimette.com\/fr\/?s={search_term_string}\"},\"query-input\":{\"@type\":\"PropertyValueSpecification\",\"valueRequired\":true,\"valueName\":\"search_term_string\"}}],\"inLanguage\":\"fr-CA\"},{\"@type\":\"Organization\",\"@id\":\"https:\/\/jacquesouimette.com\/fr\/#organization\",\"name\":\"Jacques Ouimette Communications\",\"url\":\"https:\/\/jacquesouimette.com\/fr\/\",\"logo\":{\"@type\":\"ImageObject\",\"inLanguage\":\"fr-CA\",\"@id\":\"https:\/\/jacquesouimette.com\/fr\/#\/schema\/logo\/image\/\",\"url\":\"https:\/\/jacquesouimette.com\/wp-content\/uploads\/2020\/08\/cropped-Logo-J-O.jpg\",\"contentUrl\":\"https:\/\/jacquesouimette.com\/wp-content\/uploads\/2020\/08\/cropped-Logo-J-O.jpg\",\"width\":818,\"height\":224,\"caption\":\"Jacques Ouimette Communications\"},\"image\":{\"@id\":\"https:\/\/jacquesouimette.com\/fr\/#\/schema\/logo\/image\/\"}}]}<\/script>\n<!-- \/ Yoast SEO plugin. -->","yoast_head_json":{"title":"Services - Jacques Ouimette Communications","robots":{"index":"index","follow":"follow","max-snippet":"max-snippet:-1","max-image-preview":"max-image-preview:large","max-video-preview":"max-video-preview:-1"},"canonical":"https:\/\/jacquesouimette.com\/fr\/accueil\/services\/","og_locale":"fr_CA","og_type":"article","og_title":"Services - Jacques Ouimette Communications","og_description":"Les champs d&rsquo;expertise Communication \u00e9v\u00e9nementielle strat\u00e9gique Analyse des enjeux strat\u00e9giques de communication Planification strat\u00e9gique Conception D\u00e9veloppement de partenariats publics et priv\u00e9s Mise en march\u00e9 et rayonnement Cr\u00e9ation de produits et \u00e9v\u00e8nements touristiques\u00a0 Promotion touristique et corporative \u00e0 l\u2019international","og_url":"https:\/\/jacquesouimette.com\/fr\/accueil\/services\/","og_site_name":"Jacques Ouimette Communications","article_modified_time":"2025-03-12T17:14:47+00:00","twitter_card":"summary_large_image","schema":{"@context":"https:\/\/schema.org","@graph":[{"@type":"WebPage","@id":"https:\/\/jacquesouimette.com\/accueil\/services\/","url":"https:\/\/jacquesouimette.com\/accueil\/services\/","name":"Services - Jacques Ouimette Communications","isPartOf":{"@id":"https:\/\/jacquesouimette.com\/fr\/#website"},"datePublished":"2020-06-08T14:48:47+00:00","dateModified":"2025-03-12T17:14:47+00:00","breadcrumb":{"@id":"https:\/\/jacquesouimette.com\/accueil\/services\/#breadcrumb"},"inLanguage":"fr-CA","potentialAction":[{"@type":"ReadAction","target":["https:\/\/jacquesouimette.com\/accueil\/services\/"]}]},{"@type":"BreadcrumbList","@id":"https:\/\/jacquesouimette.com\/accueil\/services\/#breadcrumb","itemListElement":[{"@type":"ListItem","position":1,"name":"Accueil","item":"https:\/\/jacquesouimette.com\/"},{"@type":"ListItem","position":2,"name":"Accueil","item":"https:\/\/jacquesouimette.com\/accueil\/"},{"@type":"ListItem","position":3,"name":"Services"}]},{"@type":"WebSite","@id":"https:\/\/jacquesouimette.com\/fr\/#website","url":"https:\/\/jacquesouimette.com\/fr\/","name":"Jacques Ouimette Communications","description":"Communication \u00e9v\u00e9nementielle strat\u00e9gique","publisher":{"@id":"https:\/\/jacquesouimette.com\/fr\/#organization"},"potentialAction":[{"@type":"SearchAction","target":{"@type":"EntryPoint","urlTemplate":"https:\/\/jacquesouimette.com\/fr\/?s={search_term_string}"},"query-input":{"@type":"PropertyValueSpecification","valueRequired":true,"valueName":"search_term_string"}}],"inLanguage":"fr-CA"},{"@type":"Organization","@id":"https:\/\/jacquesouimette.com\/fr\/#organization","name":"Jacques Ouimette Communications","url":"https:\/\/jacquesouimette.com\/fr\/","logo":{"@type":"ImageObject","inLanguage":"fr-CA","@id":"https:\/\/jacquesouimette.com\/fr\/#\/schema\/logo\/image\/","url":"https:\/\/jacquesouimette.com\/wp-content\/uploads\/2020\/08\/cropped-Logo-J-O.jpg","contentUrl":"https:\/\/jacquesouimette.com\/wp-content\/uploads\/2020\/08\/cropped-Logo-J-O.jpg","width":818,"height":224,"caption":"Jacques Ouimette Communications"},"image":{"@id":"https:\/\/jacquesouimette.com\/fr\/#\/schema\/logo\/image\/"}}]}},"_links":{"self":[{"href":"https:\/\/jacquesouimette.com\/fr\/wp-json\/wp\/v2\/pages\/156","targetHints":{"allow":["GET"]}}],"collection":[{"href":"https:\/\/jacquesouimette.com\/fr\/wp-json\/wp\/v2\/pages"}],"about":[{"href":"https:\/\/jacquesouimette.com\/fr\/wp-json\/wp\/v2\/types\/page"}],"author":[{"embeddable":true,"href":"https:\/\/jacquesouimette.com\/fr\/wp-json\/wp\/v2\/users\/1"}],"replies":[{"embeddable":true,"href":"https:\/\/jacquesouimette.com\/fr\/wp-json\/wp\/v2\/comments?post=156"}],"version-history":[{"count":0,"href":"https:\/\/jacquesouimette.com\/fr\/wp-json\/wp\/v2\/pages\/156\/revisions"}],"up":[{"embeddable":true,"href":"https:\/\/jacquesouimette.com\/fr\/wp-json\/wp\/v2\/pages\/152"}],"wp:attachment":[{"href":"https:\/\/jacquesouimette.com\/fr\/wp-json\/wp\/v2\/media?parent=156"}],"curies":[{"name":"wp","href":"https:\/\/api.w.org\/{rel}","templated":true}]}}